{"id":544,"date":"2020-02-10T18:43:43","date_gmt":"2020-02-10T18:43:43","guid":{"rendered":"http:\/\/agrozam.com\/index.php\/mesmerize\/"},"modified":"2020-10-13T22:47:55","modified_gmt":"2020-10-13T22:47:55","slug":"mesmerize","status":"publish","type":"page","link":"http:\/\/agrozam.com\/","title":{"rendered":"Front Page"},"content":{"rendered":"<div  id=\"overlappable-1\" data-label=\"Overlappable\" data-id=\"overlappable-7-mc\" data-export-id=\"overlappable-7-mc\" data-category=\"overlappable\" class=\"overlappable-7-mc content-section content-section-spacing\" data-overlap=\"true\">\n<div  class=\"gridContainer\">\n<div  data-type=\"row\" class=\"row shadow\">\n<div  class=\"col-xs-12 col-sm-6 col-padding-small col-padding-small-xs bg-color-white col-md-3 \">\n<div  class=\"text-center\">\n<div  class=\"col-xs-12 col-sm-fit space-bottom-small-xs\" data-preview-empty=\"1\"> <\/div>\n<div  data-type=\"column\" class=\"col-xs-12 col-sm\">\n<p  class=\"\"><img decoding=\"async\"  class=\"custom-image\" src=\"http:\/\/agrozam.com\/wp-content\/uploads\/2020\/02\/insecticida1.fw_.png\" alt=\"\" title=\"insecticida1.fw\"><\/p>\n<h4  class=\"\">Insecticidas<\/h4>\n<\/div>\n<\/div>\n<\/div>\n<div  class=\"col-xs-12 col-sm-6 col-padding-small col-padding-small-xs bg-color-white col-md-3 \">\n<div  class=\"text-center\">\n<div  class=\"col-xs-12 col-sm-fit space-bottom-small-xs\" data-preview-empty=\"1\"><\/div>\n<div  data-type=\"column\" class=\"col-xs-12 col-sm\">\n<p  class=\"\"><img decoding=\"async\"  class=\"custom-image\" src=\"http:\/\/agrozam.com\/wp-content\/uploads\/2020\/02\/fungicida1.jpg\" alt=\"\" title=\"fungicida1\"><\/p>\n<h4  class=\"\">Fungicidas<\/h4>\n<\/div>\n<\/div>\n<\/div>\n<div  class=\"col-xs-12 col-sm-6 col-padding-small col-padding-small-xs bg-color-white col-md-3 \">\n<div  class=\"text-center\">\n<div  class=\"col-xs-12 col-sm-fit space-bottom-small-xs\" data-preview-empty=\"1\"><\/div>\n<div  data-type=\"column\" class=\"col-xs-12 col-sm\">\n<p  class=\"\"><img decoding=\"async\"  class=\"custom-image\" src=\"http:\/\/agrozam.com\/wp-content\/uploads\/2020\/02\/herbicida.jpg\" alt=\"\" title=\"herbicida\"><\/p>\n<h4  class=\"\">Herbicidas<\/h4>\n<\/div>\n<\/div>\n<\/div>\n<div  class=\"col-xs-12 col-sm-6 col-padding-small col-padding-small-xs bg-color-white col-md-3 \">\n<div  class=\"text-center\">\n<div  class=\"col-xs-12 col-sm-fit space-bottom-small-xs\" data-preview-empty=\"1\"><\/div>\n<div  data-type=\"column\" class=\"col-xs-12 col-sm\">\n<p  class=\"\"><img decoding=\"async\"  class=\"custom-image\" src=\"http:\/\/agrozam.com\/wp-content\/uploads\/2020\/02\/fertilizante4.jpg\" alt=\"\" title=\"fertilizante4\"><\/p>\n<h4  class=\"\">Fertilizantes<\/h4>\n<\/div>\n<\/div>\n<\/div>\n<\/div>\n<\/div>\n<\/div><div  id=\"about-1\" style=\"background-color: #ffffff;\" data-label=\"About\" data-id=\"about-images-right-section-mc\" data-export-id=\"about-images-right-section-mc\" data-category=\"about\" class=\"about-images-right-section content-section content-section-spacing\">\n<div  class=\"gridContainer\">\n<div  class=\"row middle-sm text-center\">\n<div  class=\"col-sm-5 content-left-sm\" data-type=\"column\">\n<h5  class=\"\">Quienes Somos<\/h5>\n<h2  class=\"\"><span  style=\"font-family: Playfair Display,sans-serif; font-weight: 700; font-style: italic;\" href=\"#\">Somos distribuidores de agroinsumos y productos veterinarios<\/span>&nbsp;<\/h2>\n<p  class=\"\">Con el objetivo de generar las soluciones oportunas, eficaces a nuestros clientes; Ofrecemos informaci\u00f3n t\u00e9cnica acorde a la situaci\u00f3n presentada en cada uno de los cultivos con la m\u00e1ss alta calidad en productos de diferentes casos comerciales, esto con el objetivo de obtener los mejores resultados en su cosecha.<\/p>\n<\/div>\n<div  class=\"col-sm-7 space-bottom-xs\">\n<div  class=\"image-group-side-3-img\"> <img decoding=\"async\"  class=\"topimg shadow-large\" src=\"http:\/\/agrozam.com\/wp-content\/uploads\/2020\/02\/IMG_3724.jpg\" alt=\"\" title=\"IMG_3724\"> <img decoding=\"async\"  class=\"rightimg shadow-large\" src=\"http:\/\/agrozam.com\/wp-content\/uploads\/2020\/02\/IMG_3817_opt.jpg\" alt=\"\" title=\"IMG_3817_opt\"> \n<div  class=\"leftimg\"> <img decoding=\"async\"  class=\"shadow-large\" src=\"http:\/\/agrozam.com\/wp-content\/uploads\/2020\/02\/fertilizante1.jpg\" alt=\"\" title=\"fertilizante1\"><\/div>\n<\/div>\n<\/div>\n<\/div>\n<\/div>\n<\/div><div  data-label=\"Clients\" data-id=\"clients--1\" data-export-id=\"clients-4\" data-category=\"clients\" class=\"clients-4 content-section content-section-spacing-small\" id=\"clients-1\" style=\"background-color: rgb(245, 250, 253);\">\n<div  class=\"gridContainer\">\n<div  class=\"row\">\n<div  data-type=\"column\" class=\"section-title-col\">\n<p  class=\"lead\">\n\t\t<style>\n\t\t\t#wpls-logo-showcase-slider-1 .wpls-fix-box,\n\t\t\t#wpls-logo-showcase-slider-1 .wpls-fix-box img.wp-post-image{max-height:250px; }\n\t\t<\/style>\n\n\t\t<div class=\"wpls-wrap wpls-logo-showcase-slider-wrp wpls-logo-clearfix wpls-design-1 \" data-conf=\"{&quot;slides_column&quot;:4,&quot;slides_scroll&quot;:1,&quot;dots&quot;:&quot;true&quot;,&quot;arrows&quot;:&quot;true&quot;,&quot;autoplay&quot;:&quot;true&quot;,&quot;autoplay_interval&quot;:3000,&quot;loop&quot;:&quot;true&quot;,&quot;rtl&quot;:&quot;false&quot;,&quot;speed&quot;:800,&quot;center_mode&quot;:&quot;false&quot;,&quot;lazyload&quot;:&quot;&quot;}\">\n\t\t\t<div class=\"wpls-logo-showcase logo_showcase wpls-logo-slider  sliderimage_hide_border \" id=\"wpls-logo-showcase-slider-1\" >\n\t\t\t\t<div class=\"wpls-logo-cnt\">\n\t<div class=\"wpls-fix-box\">\n\t\t\t\t<a href=\"http:\/\/agrozam.com\/wp-content\/uploads\/2020\/03\/logos-02.png\" target=\"_self\">\n\t\t\t<img decoding=\"async\" class=\"wp-post-image\"  src=\"http:\/\/agrozam.com\/wp-content\/uploads\/2020\/03\/logos-02.png\" alt=\"\" \/>\n\t\t<\/a>\n\t\t\t<\/div>\n\t<\/div><div class=\"wpls-logo-cnt\">\n\t<div class=\"wpls-fix-box\">\n\t\t\t\t<a href=\"http:\/\/agrozam.com\/wp-content\/uploads\/2020\/02\/Webp.net-resizeimage.png\" target=\"_self\">\n\t\t\t<img decoding=\"async\" class=\"wp-post-image\"  src=\"http:\/\/agrozam.com\/wp-content\/uploads\/2020\/02\/Webp.net-resizeimage.png\" alt=\"\" \/>\n\t\t<\/a>\n\t\t\t<\/div>\n\t<\/div><div class=\"wpls-logo-cnt\">\n\t<div class=\"wpls-fix-box\">\n\t\t\t\t<a href=\"http:\/\/agrozam.com\/wp-content\/uploads\/2020\/03\/yara.jpg\" target=\"_self\">\n\t\t\t<img decoding=\"async\" class=\"wp-post-image\"  src=\"http:\/\/agrozam.com\/wp-content\/uploads\/2020\/03\/yara.jpg\" alt=\"\" \/>\n\t\t<\/a>\n\t\t\t<\/div>\n\t<\/div><div class=\"wpls-logo-cnt\">\n\t<div class=\"wpls-fix-box\">\n\t\t\t\t<a href=\"http:\/\/agrozam.com\/wp-content\/uploads\/2020\/03\/Talanu.jpg\" target=\"_self\">\n\t\t\t<img decoding=\"async\" class=\"wp-post-image\"  src=\"http:\/\/agrozam.com\/wp-content\/uploads\/2020\/03\/Talanu.jpg\" alt=\"\" \/>\n\t\t<\/a>\n\t\t\t<\/div>\n\t<\/div><div class=\"wpls-logo-cnt\">\n\t<div class=\"wpls-fix-box\">\n\t\t\t\t<a href=\"http:\/\/agrozam.com\/wp-content\/uploads\/2020\/03\/safer.jpg\" target=\"_self\">\n\t\t\t<img decoding=\"async\" class=\"wp-post-image\"  src=\"http:\/\/agrozam.com\/wp-content\/uploads\/2020\/03\/safer.jpg\" alt=\"\" \/>\n\t\t<\/a>\n\t\t\t<\/div>\n\t<\/div><div class=\"wpls-logo-cnt\">\n\t<div class=\"wpls-fix-box\">\n\t\t\t\t<a href=\"http:\/\/agrozam.com\/wp-content\/uploads\/2020\/03\/serviplant.jpg\" target=\"_self\">\n\t\t\t<img decoding=\"async\" class=\"wp-post-image\"  src=\"http:\/\/agrozam.com\/wp-content\/uploads\/2020\/03\/serviplant.jpg\" alt=\"\" \/>\n\t\t<\/a>\n\t\t\t<\/div>\n\t<\/div><div class=\"wpls-logo-cnt\">\n\t<div class=\"wpls-fix-box\">\n\t\t\t\t<a href=\"http:\/\/agrozam.com\/wp-content\/uploads\/2020\/02\/dvalogo.png\" target=\"_self\">\n\t\t\t<img decoding=\"async\" class=\"wp-post-image\"  src=\"http:\/\/agrozam.com\/wp-content\/uploads\/2020\/02\/dvalogo.png\" alt=\"\" \/>\n\t\t<\/a>\n\t\t\t<\/div>\n\t<\/div><div class=\"wpls-logo-cnt\">\n\t<div class=\"wpls-fix-box\">\n\t\t\t\t<a href=\"http:\/\/agrozam.com\/wp-content\/uploads\/2020\/03\/BAYER.png\" target=\"_self\">\n\t\t\t<img decoding=\"async\" class=\"wp-post-image\"  src=\"http:\/\/agrozam.com\/wp-content\/uploads\/2020\/03\/Webp.net-resizeimage.png\" alt=\"\" \/>\n\t\t<\/a>\n\t\t\t<\/div>\n\t<\/div><div class=\"wpls-logo-cnt\">\n\t<div class=\"wpls-fix-box\">\n\t\t\t\t<a href=\"http:\/\/agrozam.com\/wp-content\/uploads\/2020\/03\/Precisagro1.png\" target=\"_self\">\n\t\t\t<img decoding=\"async\" class=\"wp-post-image\"  src=\"http:\/\/agrozam.com\/wp-content\/uploads\/2020\/03\/Precisagro1.png\" alt=\"\" \/>\n\t\t<\/a>\n\t\t\t<\/div>\n\t<\/div><div class=\"wpls-logo-cnt\">\n\t<div class=\"wpls-fix-box\">\n\t\t\t\t<a href=\"http:\/\/agrozam.com\/wp-content\/uploads\/2020\/03\/tecnoquimicas.jpg\" target=\"_self\">\n\t\t\t<img decoding=\"async\" class=\"wp-post-image\"  src=\"http:\/\/agrozam.com\/wp-content\/uploads\/2020\/03\/tecnoquimicas.jpg\" alt=\"\" \/>\n\t\t<\/a>\n\t\t\t<\/div>\n\t<\/div><div class=\"wpls-logo-cnt\">\n\t<div class=\"wpls-fix-box\">\n\t\t\t\t<a href=\"http:\/\/agrozam.com\/wp-content\/uploads\/2020\/03\/Webp.net-resizeimage.jpg\" target=\"_self\">\n\t\t\t<img decoding=\"async\" class=\"wp-post-image\"  src=\"http:\/\/agrozam.com\/wp-content\/uploads\/2020\/03\/Webp.net-resizeimage.jpg\" alt=\"\" \/>\n\t\t<\/a>\n\t\t\t<\/div>\n\t<\/div><div class=\"wpls-logo-cnt\">\n\t<div class=\"wpls-fix-box\">\n\t\t\t\t<a href=\"http:\/\/agrozam.com\/wp-content\/uploads\/2020\/03\/LOGOOMACAFEYVERDE.png\" target=\"_self\">\n\t\t\t<img decoding=\"async\" class=\"wp-post-image\"  src=\"http:\/\/agrozam.com\/wp-content\/uploads\/2020\/03\/LOGOOMACAFEYVERDE.png\" alt=\"\" \/>\n\t\t<\/a>\n\t\t\t<\/div>\n\t<\/div><div class=\"wpls-logo-cnt\">\n\t<div class=\"wpls-fix-box\">\n\t\t\t\t<a href=\"http:\/\/agrozam.com\/wp-content\/uploads\/2020\/03\/agralba.png\" target=\"_self\">\n\t\t\t<img decoding=\"async\" class=\"wp-post-image\"  src=\"http:\/\/agrozam.com\/wp-content\/uploads\/2020\/03\/agralba.png\" alt=\"\" \/>\n\t\t<\/a>\n\t\t\t<\/div>\n\t<\/div><div class=\"wpls-logo-cnt\">\n\t<div class=\"wpls-fix-box\">\n\t\t\t\t<a href=\"http:\/\/agrozam.com\/wp-content\/uploads\/2020\/03\/halconcolombia.png\" target=\"_self\">\n\t\t\t<img decoding=\"async\" class=\"wp-post-image\"  src=\"http:\/\/agrozam.com\/wp-content\/uploads\/2020\/03\/halconcolombia.png\" alt=\"\" \/>\n\t\t<\/a>\n\t\t\t<\/div>\n\t<\/div>\t\t\t<\/div>\n\t\t<\/div>\n\n\t\t\t\t\t\t\n\t\t<\/p>\n\t\t\t\n\t\t\n\n<\/div>\n<\/div>\n<div  data-type=\"row\" class=\"row spaced-cols middle-xs center-xs space-bottom padding-lr\">\n<div  class=\"col-xs-6 col-sm-2\"> <\/div>\n<\/div>\n<\/div>\n<\/div><div  id=\"contact-1\" data-label=\"Contact\" data-id=\"contact-1\" data-export-id=\"contact-1\" data-category=\"contact\" class=\"contact-1 content-section content-section-spacing white-text\" data-parallax-depth=\"20\">\n<div  class=\"gridContainer\">\n<div  class=\"row text-center\">\n<div  class=\"section-title-col\" data-type=\"column\">\n<h2  class=\"\">Cont\u00e1ctenos<\/h2>\n<p  class=\"lead\">Queremos ser su aliado estrat\u00e9gico, comun\u00edquese con nosotros.<\/p>\n<\/div>\n<\/div>\n<div  class=\"row text-center\">\n<div  class=\"col-xs-12 col-sm-8 col-sm-offset-2 contact-form-wrapper inline-info\">\n<div  class=\"card large-padding\">\n<div  class=\"\" data-content-shortcode=\"mesmerize_contact_form shortcode=&quot;wpforms id=&amp;amp;quot;659&amp;amp;quot; title=&amp;amp;quot;false&amp;amp;quot; description=&amp;amp;quot;false&amp;amp;quot;&quot;\" data-editable=\"true\">[wpforms id=\"659\" title=\"false\" description=\"false\"]<\/div>\n<\/div>\n<\/div>\n<\/div>\n<\/div>\n<\/div>","protected":false},"excerpt":{"rendered":"<p>Insecticidas Fungicidas Herbicidas Fertilizantes Quienes Somos Somos distribuidores de agroinsumos y productos veterinarios&nbsp; Con el objetivo de generar las soluciones oportunas, eficaces a nuestros clientes; Ofrecemos informaci\u00f3n t\u00e9cnica acorde a la situaci\u00f3n presentada en cada uno de los cultivos con la m\u00e1ss alta calidad en productos de diferentes casos comerciales, esto con el objetivo de&hellip; <br \/> <a class=\"read-more\" href=\"http:\/\/agrozam.com\/index.php\/logoshowcase\/halcon-colombia\/\">Leer m\u00e1s<\/a><\/p>\n","protected":false},"author":1,"featured_media":0,"parent":0,"menu_order":0,"comment_status":"closed","ping_status":"closed","template":"page-templates\/homepage.php","meta":{"footnotes":""},"class_list":["post-544","page","type-page","status-publish","hentry"],"_links":{"self":[{"href":"http:\/\/agrozam.com\/index.php\/wp-json\/wp\/v2\/pages\/544","targetHints":{"allow":["GET"]}}],"collection":[{"href":"http:\/\/agrozam.com\/index.php\/wp-json\/wp\/v2\/pages"}],"about":[{"href":"http:\/\/agrozam.com\/index.php\/wp-json\/wp\/v2\/types\/page"}],"author":[{"embeddable":true,"href":"http:\/\/agrozam.com\/index.php\/wp-json\/wp\/v2\/users\/1"}],"replies":[{"embeddable":true,"href":"http:\/\/agrozam.com\/index.php\/wp-json\/wp\/v2\/comments?post=544"}],"version-history":[{"count":48,"href":"http:\/\/agrozam.com\/index.php\/wp-json\/wp\/v2\/pages\/544\/revisions"}],"predecessor-version":[{"id":931,"href":"http:\/\/agrozam.com\/index.php\/wp-json\/wp\/v2\/pages\/544\/revisions\/931"}],"wp:attachment":[{"href":"http:\/\/agrozam.com\/index.php\/wp-json\/wp\/v2\/media?parent=544"}],"curies":[{"name":"wp","href":"https:\/\/api.w.org\/{rel}","templated":true}]}}